{"id":3549,"date":"2015-04-08T15:40:23","date_gmt":"2015-04-08T15:40:23","guid":{"rendered":"http:\/\/impreza.us-themes.net\/?page_id=3549"},"modified":"2021-02-11T12:05:20","modified_gmt":"2021-02-11T11:05:20","slug":"home-4","status":"publish","type":"page","link":"https:\/\/visions-dailleurs.com\/?page_id=3549","title":{"rendered":"COMP\u00c9TENCES"},"content":{"rendered":"<section class=\"l-section wpb_row height_medium\"><div class=\"l-section-h i-cf\"><div class=\"g-cols vc_row type_default valign_top\"><div class=\"vc_col-sm-12 wpb_column vc_column_container\"><div class=\"vc_column-inner\"><div class=\"wpb_wrapper\">\r\n\t<div class=\"wpb_text_column \">\r\n\t\t<div class=\"wpb_wrapper\">\r\n\t\t\t\r\n\t\t<\/div>\r\n\t<\/div>\r\n<\/div><\/div><\/div><\/div><\/div><\/section><section class=\"l-section wpb_row height_full valign_center color_custom with_img parallax_ver parallaxdir_reversed with_overlay\" style=\"background-color: #070707; color: #e5e5e5;\"><div class=\"l-section-img\" style=\"background-image: url(https:\/\/visions-dailleurs.com\/wp-content\/uploads\/2019\/01\/visions-dailleurs-image-33.png);background-size: initial;\" data-img-width=\"1500\" data-img-height=\"374\"><\/div><div class=\"l-section-overlay\" style=\"background-color: rgba(30,30,30,0.75)\"><\/div><div class=\"l-section-h i-cf\"><div class=\"g-cols vc_row type_default valign_middle\"><div class=\"vc_col-sm-12 wpb_column vc_column_container animate_afc\"><div class=\"vc_column-inner color_custom\" style=\"color:#3d3d3d;\"><div class=\"wpb_wrapper\">[vc_custom_heading text=&#8221;R\u00e9-inventons ensemble vos univers touristiques, culturels ou patrimoniaux, avec\u2026&#8221; font_container=&#8221;tag:h4|font_size:4rem|text_align:center|color:%23f4f4f4&#8243; use_theme_fonts=&#8221;yes&#8221;]<div class=\"g-cols wpb_row type_default valign_top vc_inner \"><div class=\"vc_col-sm-4 wpb_column vc_column_container\"><div class=\"vc_column-inner color_custom\" style=\"color:#f5f4f4;\"><div class=\"wpb_wrapper\"><div class=\"w-iconbox iconpos_top style_circle color_primary align_left\"><a class=\"w-iconbox-link\" href=\"#fifth\" aria-label=\"Les Outils\"><div class=\"w-iconbox-icon\"><i class=\"far fa-mobile\"><\/i><\/div><\/a><div class=\"w-iconbox-meta\"><a class=\"w-iconbox-link\" href=\"#fifth\" aria-label=\"Les Outils\"><h4 class=\"w-iconbox-title\">Les Outils<\/h4><\/a><div class=\"w-iconbox-text\"><p>Conception Multim\u00e9dia<br \/>\nR\u00e9alit\u00e9 Virtuelle<br \/>\nApplications Multim\u00e9dia Responsive<br \/>\nVisites Virtuelles Interactives<\/p>\n<\/div><\/div><\/div><\/div><\/div><\/div><div class=\"vc_col-sm-4 wpb_column vc_column_container\"><div class=\"vc_column-inner color_custom\" style=\"color:#f5f4f4;\"><div class=\"wpb_wrapper\"><div class=\"w-iconbox iconpos_top style_circle color_primary align_left\"><a class=\"w-iconbox-link\" href=\"#fifth\" aria-label=\"L&#039;Image\"><div class=\"w-iconbox-icon\"><i class=\"fas fa-camera\"><\/i><\/div><\/a><div class=\"w-iconbox-meta\"><a class=\"w-iconbox-link\" href=\"#fifth\" aria-label=\"L&#039;Image\"><h4 class=\"w-iconbox-title\">L'Image<\/h4><\/a><div class=\"w-iconbox-text\"><p>Prises de Vues Photographiques<br \/>\nPhotographies en HD et \u00e0 360\u00b0<br \/>\nReportages Photographiques<br \/>\nPhotographies en studio<\/p>\n<\/div><\/div><\/div><\/div><\/div><\/div><div class=\"vc_col-sm-4 wpb_column vc_column_container\"><div class=\"vc_column-inner color_custom\" style=\"color:#f5f4f4;\"><div class=\"wpb_wrapper\"><div class=\"w-iconbox iconpos_top style_circle color_primary align_left\"><a class=\"w-iconbox-link\" href=\"#fifth\" aria-label=\"La Narration\"><div class=\"w-iconbox-icon\"><i class=\"fas fa-pencil\"><\/i><\/div><\/a><div class=\"w-iconbox-meta\"><a class=\"w-iconbox-link\" href=\"#fifth\" aria-label=\"La Narration\"><h4 class=\"w-iconbox-title\">La Narration<\/h4><\/a><div class=\"w-iconbox-text\"><p>Ecriture, Sc\u00e9narisation<br \/>\nConception de Projet<br \/>\nReportages<br \/>\nDossiers de Presse<\/p>\n<\/div><\/div><\/div><\/div><\/div><\/div><\/div><div class=\"w-separator size_medium\"><\/div><div class=\"w-iconbox iconpos_top style_circle color_secondary align_center no_title no_text\"><a class=\"w-iconbox-link\" href=\"#second\" aria-hidden=\"true\"><div class=\"w-iconbox-icon\" style=\"font-size:24px;\"><i class=\"fas fa-chevron-down\"><\/i><\/div><\/a><div class=\"w-iconbox-meta\"><\/div><\/div><\/div><\/div><\/div><\/div><\/div><\/section><section class=\"l-section wpb_row height_medium\" id=\"second\"><div class=\"l-section-h i-cf\"><div class=\"g-cols vc_row type_default valign_top\"><div class=\"vc_col-sm-12 wpb_column vc_column_container\"><div class=\"vc_column-inner color_custom\" style=\"color:#23201f;\"><div class=\"wpb_wrapper\">\r\n\t<div class=\"wpb_text_column \">\r\n\t\t<div class=\"wpb_wrapper\">\r\n\t\t\t<h3 style=\"text-align: center;\">POUR RACONTER,&nbsp;IMMERGER,&nbsp;TRANSMETTRE<\/h3>\n\r\n\t\t<\/div>\r\n\t<\/div>\r\n<div class=\"w-iconbox iconpos_top style_circle color_primary align_center no_title no_text\"><a class=\"w-iconbox-link\" href=\"#fourth\" aria-hidden=\"true\"><div class=\"w-iconbox-icon\" style=\"font-size:24px;\"><i class=\"fas fa-chevron-down\"><\/i><\/div><\/a><div class=\"w-iconbox-meta\"><\/div><\/div><\/div><\/div><\/div><\/div><\/div><\/section><section class=\"l-section wpb_row height_full valign_center color_primary with_img parallax_ver parallaxdir_reversed with_overlay\" id=\"fourth\"><div class=\"l-section-img\" style=\"background-image: url(https:\/\/visions-dailleurs.com\/wp-content\/uploads\/2018\/12\/visions-dailleurs-image-15.png);\" data-img-width=\"984\" data-img-height=\"656\"><\/div><div class=\"l-section-overlay\" style=\"background-color: rgba(30,30,30,0.75)\"><\/div><div class=\"l-section-h i-cf\"><div class=\"g-cols vc_row type_default valign_top\"><div class=\"vc_col-sm-12 wpb_column vc_column_container align_center\"><div class=\"vc_column-inner\"><div class=\"wpb_wrapper\"><div class=\"w-separator size_large\"><\/div><div class=\"w-separator size_medium\"><\/div><div class=\"w-iconbox iconpos_top style_circle color_secondary align_center no_title no_text\"><div class=\"w-iconbox-icon\" style=\"font-size:24px;\"><i class=\"fas fa-camera\"><\/i><\/div><div class=\"w-iconbox-meta\"><\/div><\/div>\r\n\t<div class=\"wpb_text_column  vc_custom_1613041504960\">\r\n\t\t<div class=\"wpb_wrapper\">\r\n\t\t\t<h1><a href=\"http:\/\/stockage.martineprunevieille.com\/360\/vaison\/peristyle-3\/\">D\u00e9couvrez la Restitution 3D \u00e0 360\u00b0<\/a><\/h1>\n<h3><a href=\"http:\/\/martineprunevieille.com\/360\/vaison\/peristyle-3\/\">du P\u00e9ristyle de la Maison au Buste d&#8217;Argent<\/a><\/h3>\n\r\n\t\t<\/div>\r\n\t<\/div>\r\n<\/div><\/div><\/div><\/div><\/div><\/section><section class=\"l-section wpb_row height_medium color_primary\" id=\"Five\"><div class=\"l-section-h i-cf\"><div class=\"g-cols vc_row type_default valign_top\"><div class=\"vc_col-sm-12 wpb_column vc_column_container align_center\"><div class=\"vc_column-inner\"><div class=\"wpb_wrapper\">\r\n\t<div class=\"wpb_text_column \">\r\n\t\t<div class=\"wpb_wrapper\">\r\n\t\t\t<h3 style=\"text-align: center;\">Pour en parler,<\/h3>\n<h2 style=\"text-align: center;\">CONTACTEZ-NOUS<\/h2>\n\r\n\t\t<\/div>\r\n\t<\/div>\r\n<div class=\"w-iconbox iconpos_top style_default color_secondary align_center no_title no_text\"><a class=\"w-iconbox-link\" href=\"https:\/\/visions-dailleurs.com\/?page_id=5797\" aria-hidden=\"true\"><div class=\"w-iconbox-icon\" style=\"font-size:80px;\"><i class=\"far fa-envelope\"><\/i><\/div><\/a><div class=\"w-iconbox-meta\"><\/div><\/div><div class=\"w-separator size_small\"><\/div><\/div><\/div><\/div><\/div><\/div><\/section>\n","protected":false},"excerpt":{"rendered":"[vc_custom_heading text=\"R\u00e9-inventons ensemble vos univers touristiques, culturels ou patrimoniaux, avec\u2026\" font_container=\"tag:h4|font_size:4rem|text_align:center|color:%23f4f4f4\" use_theme_fonts=\"yes\"]Les OutilsConception Multim\u00e9dia R\u00e9alit\u00e9 Virtuelle Applications Multim\u00e9dia Responsive Visites Virtuelles Interactives L'ImagePrises de Vues Photographiques Photographies en HD et \u00e0 360\u00b0 Reportages Photographiques Photographies en studio La NarrationEcriture, Sc\u00e9narisation Conception de Projet Reportages Dossiers de Presse POUR RACONTER,&nbsp;IMMERGER,&nbsp;TRANSMETTRE D\u00e9couvrez la Restitution 3D \u00e0 360\u00b0...","protected":false},"author":1,"featured_media":0,"parent":0,"menu_order":0,"comment_status":"closed","ping_status":"closed","template":"","meta":{"footnotes":""},"class_list":["post-3549","page","type-page","status-publish","hentry"],"yoast_head":"<!-- This site is optimized with the Yoast SEO plugin v24.4 - https:\/\/yoast.com\/wordpress\/plugins\/seo\/ -->\n<title>COMP\u00c9TENCES - Visions d&#039;Ailleurs<\/title>\n<meta name=\"robots\" content=\"index, follow, max-snippet:-1, max-image-preview:large, max-video-preview:-1\" \/>\n<link rel=\"canonical\" href=\"https:\/\/visions-dailleurs.com\/?page_id=3549\" \/>\n<meta property=\"og:locale\" content=\"fr_FR\" \/>\n<meta property=\"og:type\" content=\"article\" \/>\n<meta property=\"og:title\" content=\"COMP\u00c9TENCES - Visions d&#039;Ailleurs\" \/>\n<meta property=\"og:url\" content=\"https:\/\/visions-dailleurs.com\/?page_id=3549\" \/>\n<meta property=\"og:site_name\" content=\"Visions d&#039;Ailleurs\" \/>\n<meta property=\"article:modified_time\" content=\"2021-02-11T11:05:20+00:00\" \/>\n<meta name=\"twitter:card\" content=\"summary_large_image\" \/>\n<meta name=\"twitter:label1\" content=\"Dur\u00e9e de lecture estim\u00e9e\" \/>\n\t<meta name=\"twitter:data1\" content=\"1 minute\" \/>\n<script type=\"application\/ld+json\" class=\"yoast-schema-graph\">{\"@context\":\"https:\/\/schema.org\",\"@graph\":[{\"@type\":\"WebPage\",\"@id\":\"https:\/\/visions-dailleurs.com\/?page_id=3549\",\"url\":\"https:\/\/visions-dailleurs.com\/?page_id=3549\",\"name\":\"COMP\u00c9TENCES - Visions d&#039;Ailleurs\",\"isPartOf\":{\"@id\":\"https:\/\/visions-dailleurs.com\/#website\"},\"datePublished\":\"2015-04-08T15:40:23+00:00\",\"dateModified\":\"2021-02-11T11:05:20+00:00\",\"breadcrumb\":{\"@id\":\"https:\/\/visions-dailleurs.com\/?page_id=3549#breadcrumb\"},\"inLanguage\":\"fr-FR\",\"potentialAction\":[{\"@type\":\"ReadAction\",\"target\":[\"https:\/\/visions-dailleurs.com\/?page_id=3549\"]}]},{\"@type\":\"BreadcrumbList\",\"@id\":\"https:\/\/visions-dailleurs.com\/?page_id=3549#breadcrumb\",\"itemListElement\":[{\"@type\":\"ListItem\",\"position\":1,\"name\":\"Accueil\",\"item\":\"https:\/\/visions-dailleurs.com\/\"},{\"@type\":\"ListItem\",\"position\":2,\"name\":\"COMP\u00c9TENCES\"}]},{\"@type\":\"WebSite\",\"@id\":\"https:\/\/visions-dailleurs.com\/#website\",\"url\":\"https:\/\/visions-dailleurs.com\/\",\"name\":\"Visions dAilleurs\",\"description\":\"Conception et R\u00e9alisation d&#039;Outils Multim\u00e9dia\",\"publisher\":{\"@id\":\"https:\/\/visions-dailleurs.com\/#organization\"},\"potentialAction\":[{\"@type\":\"SearchAction\",\"target\":{\"@type\":\"EntryPoint\",\"urlTemplate\":\"https:\/\/visions-dailleurs.com\/?s={search_term_string}\"},\"query-input\":{\"@type\":\"PropertyValueSpecification\",\"valueRequired\":true,\"valueName\":\"search_term_string\"}}],\"inLanguage\":\"fr-FR\"},{\"@type\":\"Organization\",\"@id\":\"https:\/\/visions-dailleurs.com\/#organization\",\"name\":\"Visions d'Ailleurs\",\"url\":\"https:\/\/visions-dailleurs.com\/\",\"logo\":{\"@type\":\"ImageObject\",\"inLanguage\":\"fr-FR\",\"@id\":\"https:\/\/visions-dailleurs.com\/#\/schema\/logo\/image\/\",\"url\":\"https:\/\/visions-dailleurs.com\/wp-content\/uploads\/2019\/01\/H9.jpg\",\"contentUrl\":\"https:\/\/visions-dailleurs.com\/wp-content\/uploads\/2019\/01\/H9.jpg\",\"width\":1500,\"height\":374,\"caption\":\"Visions d'Ailleurs\"},\"image\":{\"@id\":\"https:\/\/visions-dailleurs.com\/#\/schema\/logo\/image\/\"},\"sameAs\":[\"https:\/\/www.linkedin.com\/company\/visions-dailleurs\"]}]}<\/script>\n<!-- \/ Yoast SEO plugin. -->","yoast_head_json":{"title":"COMP\u00c9TENCES - Visions d&#039;Ailleurs","robots":{"index":"index","follow":"follow","max-snippet":"max-snippet:-1","max-image-preview":"max-image-preview:large","max-video-preview":"max-video-preview:-1"},"canonical":"https:\/\/visions-dailleurs.com\/?page_id=3549","og_locale":"fr_FR","og_type":"article","og_title":"COMP\u00c9TENCES - Visions d&#039;Ailleurs","og_url":"https:\/\/visions-dailleurs.com\/?page_id=3549","og_site_name":"Visions d&#039;Ailleurs","article_modified_time":"2021-02-11T11:05:20+00:00","twitter_card":"summary_large_image","twitter_misc":{"Dur\u00e9e de lecture estim\u00e9e":"1 minute"},"schema":{"@context":"https:\/\/schema.org","@graph":[{"@type":"WebPage","@id":"https:\/\/visions-dailleurs.com\/?page_id=3549","url":"https:\/\/visions-dailleurs.com\/?page_id=3549","name":"COMP\u00c9TENCES - Visions d&#039;Ailleurs","isPartOf":{"@id":"https:\/\/visions-dailleurs.com\/#website"},"datePublished":"2015-04-08T15:40:23+00:00","dateModified":"2021-02-11T11:05:20+00:00","breadcrumb":{"@id":"https:\/\/visions-dailleurs.com\/?page_id=3549#breadcrumb"},"inLanguage":"fr-FR","potentialAction":[{"@type":"ReadAction","target":["https:\/\/visions-dailleurs.com\/?page_id=3549"]}]},{"@type":"BreadcrumbList","@id":"https:\/\/visions-dailleurs.com\/?page_id=3549#breadcrumb","itemListElement":[{"@type":"ListItem","position":1,"name":"Accueil","item":"https:\/\/visions-dailleurs.com\/"},{"@type":"ListItem","position":2,"name":"COMP\u00c9TENCES"}]},{"@type":"WebSite","@id":"https:\/\/visions-dailleurs.com\/#website","url":"https:\/\/visions-dailleurs.com\/","name":"Visions dAilleurs","description":"Conception et R\u00e9alisation d&#039;Outils Multim\u00e9dia","publisher":{"@id":"https:\/\/visions-dailleurs.com\/#organization"},"potentialAction":[{"@type":"SearchAction","target":{"@type":"EntryPoint","urlTemplate":"https:\/\/visions-dailleurs.com\/?s={search_term_string}"},"query-input":{"@type":"PropertyValueSpecification","valueRequired":true,"valueName":"search_term_string"}}],"inLanguage":"fr-FR"},{"@type":"Organization","@id":"https:\/\/visions-dailleurs.com\/#organization","name":"Visions d'Ailleurs","url":"https:\/\/visions-dailleurs.com\/","logo":{"@type":"ImageObject","inLanguage":"fr-FR","@id":"https:\/\/visions-dailleurs.com\/#\/schema\/logo\/image\/","url":"https:\/\/visions-dailleurs.com\/wp-content\/uploads\/2019\/01\/H9.jpg","contentUrl":"https:\/\/visions-dailleurs.com\/wp-content\/uploads\/2019\/01\/H9.jpg","width":1500,"height":374,"caption":"Visions d'Ailleurs"},"image":{"@id":"https:\/\/visions-dailleurs.com\/#\/schema\/logo\/image\/"},"sameAs":["https:\/\/www.linkedin.com\/company\/visions-dailleurs"]}]}},"_links":{"self":[{"href":"https:\/\/visions-dailleurs.com\/index.php?rest_route=\/wp\/v2\/pages\/3549","targetHints":{"allow":["GET"]}}],"collection":[{"href":"https:\/\/visions-dailleurs.com\/index.php?rest_route=\/wp\/v2\/pages"}],"about":[{"href":"https:\/\/visions-dailleurs.com\/index.php?rest_route=\/wp\/v2\/types\/page"}],"author":[{"embeddable":true,"href":"https:\/\/visions-dailleurs.com\/index.php?rest_route=\/wp\/v2\/users\/1"}],"replies":[{"embeddable":true,"href":"https:\/\/visions-dailleurs.com\/index.php?rest_route=%2Fwp%2Fv2%2Fcomments&post=3549"}],"version-history":[{"count":128,"href":"https:\/\/visions-dailleurs.com\/index.php?rest_route=\/wp\/v2\/pages\/3549\/revisions"}],"predecessor-version":[{"id":7185,"href":"https:\/\/visions-dailleurs.com\/index.php?rest_route=\/wp\/v2\/pages\/3549\/revisions\/7185"}],"wp:attachment":[{"href":"https:\/\/visions-dailleurs.com\/index.php?rest_route=%2Fwp%2Fv2%2Fmedia&parent=3549"}],"curies":[{"name":"wp","href":"https:\/\/api.w.org\/{rel}","templated":true}]}}